{"id":1320,"date":"2025-03-07T22:34:33","date_gmt":"2025-03-07T22:34:33","guid":{"rendered":"https:\/\/labdeletras.com\/?page_id=1320"},"modified":"2026-03-01T17:50:19","modified_gmt":"2026-03-01T22:50:19","slug":"concurso","status":"publish","type":"page","link":"https:\/\/labdeletras.com\/en\/concurso\/","title":{"rendered":"Contest"},"content":{"rendered":"<div class=\"wp-block-uagb-container top-header page-section uagb-block-b6a6b828 alignfull uagb-is-root-container\"><div class=\"uagb-container-inner-blocks-wrap\">\n<div class=\"wp-block-uagb-container uagb-block-2d2f1b41\">\n<h1 class=\"wp-block-heading has-text-align-center fade-slide\">Contest Camale\u00f3n Transparente<\/h1>\n<\/div>\n\n\n\n<figure class=\"wp-block-image size-full shape-img shape--hexagon preset-h-frame preset-h-sticker\"><img loading=\"lazy\" decoding=\"async\" width=\"1023\" height=\"1023\" src=\"https:\/\/labdeletras.com\/wp-content\/uploads\/2026\/01\/concurso_imagen.png\" alt=\"\" class=\"wp-image-2869\" style=\"aspect-ratio:1;object-fit:cover\" srcset=\"https:\/\/labdeletras.com\/wp-content\/uploads\/2026\/01\/concurso_imagen.png 1023w, https:\/\/labdeletras.com\/wp-content\/uploads\/2026\/01\/concurso_imagen-300x300.png 300w, https:\/\/labdeletras.com\/wp-content\/uploads\/2026\/01\/concurso_imagen-150x150.png 150w, https:\/\/labdeletras.com\/wp-content\/uploads\/2026\/01\/concurso_imagen-768x768.png 768w, https:\/\/labdeletras.com\/wp-content\/uploads\/2026\/01\/concurso_imagen-12x12.png 12w\" sizes=\"auto, (max-width: 1023px) 100vw, 1023px\" \/><\/figure>\n<\/div><\/div>\n\n\n\n<div class=\"wave-divider\" style=\"height:auto;background-color:transparent\"><svg viewbox=\"0 0 1078 90\" preserveaspectratio=\"none\" style=\"display:block;width:100%;height:100%;fill:var(--color-background-alt2);transform:\"><path d=\"M -2 2 C 117 43 159 74 372 45 C 523 20 538 13 681 32 C 819 47 1004 -48 1076 48 V 92 H 0 Z\"><\/path><\/svg><\/div>\n\n\n\n<div class=\"wp-block-uagb-container page-section uagb-block-a0c8b156 alignfull uagb-is-root-container\"><div class=\"uagb-container-inner-blocks-wrap\">\n<h2 class=\"wp-block-heading fade-slide\"><strong>Camale\u00f3n Transparente 2026 Departmental Short Story Contest<\/strong><\/h2>\n\n\n\n<p class=\"fade-slide translation-block\">We\u2019re back this year with a new edition of <strong>Camale\u00f3n Transparente<\/strong>. After the first metamorphosis, the contest is growing and opening up to the whole department: from the Laboratorio de Letras, we invite the <strong>Risaralda<\/strong> community and everyone who loves literature to take part in this short story call for entries.<\/p>\n\n\n\n<p class=\"fade-slide translation-block\">We want to read young and adult voices; intimate or overflowing stories; tales that dare to explore and transform the everyday. The theme is <strong>open<\/strong>: here, imagination sets the course. Come and discover, create and share your way of storytelling.<\/p>\n\n\n\n<p class=\"fade-slide translation-block\">Registrations will be made directly on this page. The form will open on <strong>23 February 2026<\/strong> and will be available until <strong>22 March 2026<\/strong>.<\/p>\n\n\n\n<p class=\"fade-slide\">To find out all the entry requirements, the story format and the contest conditions, see the full rules here:<\/p>\n\n\n<div style=\"display:flex;justify-content:right;margin:20px 0 60px;\"><a class=\"custom-btn fade-slide\" href=\"\/en\/bases-concurso-2026\/\"><span>Discover the contest rules!<\/span><\/a><\/div>\n\n\n\n<h3 class=\"wp-block-heading fade-slide\"><strong>Prizes<\/strong><\/h3>\n\n\n\n<div class=\"wp-block-uagb-container uagb-layout-flex uagb-block-cca85f74\">\n<div class=\"wp-block-uagb-container uagb-block-79e01af4\">\n<figure class=\"wp-block-image aligncenter size-large is-resized has-custom-border fade-slide scale-hover\"><img loading=\"lazy\" decoding=\"async\" width=\"1024\" height=\"683\" src=\"https:\/\/labdeletras.com\/wp-content\/uploads\/2026\/03\/premios_camaleon_transparente_2026_jovenes_2-1024x683.png\" alt=\"\" class=\"wp-image-2990\" style=\"border-width:1px;border-top-left-radius:20px;border-top-right-radius:20px;border-bottom-left-radius:20px;border-bottom-right-radius:20px;box-shadow:var(--wp--preset--shadow--natural);width:400px\" srcset=\"https:\/\/labdeletras.com\/wp-content\/uploads\/2026\/03\/premios_camaleon_transparente_2026_jovenes_2-1024x683.png 1024w, https:\/\/labdeletras.com\/wp-content\/uploads\/2026\/03\/premios_camaleon_transparente_2026_jovenes_2-300x200.png 300w, https:\/\/labdeletras.com\/wp-content\/uploads\/2026\/03\/premios_camaleon_transparente_2026_jovenes_2-768x512.png 768w, https:\/\/labdeletras.com\/wp-content\/uploads\/2026\/03\/premios_camaleon_transparente_2026_jovenes_2-18x12.png 18w, https:\/\/labdeletras.com\/wp-content\/uploads\/2026\/03\/premios_camaleon_transparente_2026_jovenes_2.png 1536w\" sizes=\"auto, (max-width: 1024px) 100vw, 1024px\" \/><\/figure>\n<\/div>\n\n\n\n<div class=\"wp-block-uagb-container uagb-block-b41109ee\">\n<figure class=\"wp-block-image aligncenter size-large is-resized has-custom-border fade-slide scale-hover\"><img loading=\"lazy\" decoding=\"async\" width=\"1024\" height=\"683\" src=\"https:\/\/labdeletras.com\/wp-content\/uploads\/2026\/03\/premios_camaleon_transparente_2026_adultos-1024x683.png\" alt=\"\" class=\"wp-image-2970\" style=\"border-width:1px;border-top-left-radius:20px;border-top-right-radius:20px;border-bottom-left-radius:20px;border-bottom-right-radius:20px;box-shadow:var(--wp--preset--shadow--natural);width:400px\" srcset=\"https:\/\/labdeletras.com\/wp-content\/uploads\/2026\/03\/premios_camaleon_transparente_2026_adultos-1024x683.png 1024w, https:\/\/labdeletras.com\/wp-content\/uploads\/2026\/03\/premios_camaleon_transparente_2026_adultos-300x200.png 300w, https:\/\/labdeletras.com\/wp-content\/uploads\/2026\/03\/premios_camaleon_transparente_2026_adultos-768x512.png 768w, https:\/\/labdeletras.com\/wp-content\/uploads\/2026\/03\/premios_camaleon_transparente_2026_adultos-18x12.png 18w, https:\/\/labdeletras.com\/wp-content\/uploads\/2026\/03\/premios_camaleon_transparente_2026_adultos.png 1536w\" sizes=\"auto, (max-width: 1024px) 100vw, 1024px\" \/><\/figure>\n<\/div>\n<\/div>\n\n\n\n<div style=\"height:25px\" aria-hidden=\"true\" class=\"wp-block-spacer\"><\/div>\n\n\n\n<h3 class=\"wp-block-heading fade-slide\" style=\"margin-top:var(--wp--preset--spacing--40);margin-bottom:var(--wp--preset--spacing--40)\">Inscription Form<\/h3>\n\n\n\n<div class=\"wp-block-uagb-container uagb-layout-flex uagb-block-ccbe2a44\">\n<div class=\"wp-block-uagb-container uagb-block-abc6a0f9\">\n<h5 class=\"wp-block-heading fade-slide\" style=\"margin-top:0;margin-bottom:0\">Minors:<\/h5>\n\n\n\n<p class=\"fade-slide translation-block\" style=\"margin-top:0;margin-right:0;margin-bottom:0;margin-left:0;font-size:0.85em\">If the participant is a <strong>minor<\/strong>, they can download the consent form for minors here: <a href=\"\/wp-content\/uploads\/documents\/camaleon_transparente_2026_autorizacion_para_menores.pdf\" target=\"_blank\" rel=\"noreferrer noopener\">Consent Form for Minors<\/a>.<br>For the entry to be valid, the completed consent form must be uploaded on page 3 (\u201cDocuments\u201d) of the registration form.<\/p>\n\n\n\n<div style=\"margin-top:0;margin-bottom:0;height:11px\" aria-hidden=\"true\" class=\"wp-block-spacer\"><\/div>\n\n\n\n<h5 class=\"wp-block-heading fade-slide\" style=\"margin-top:0;margin-bottom:0\">Inscriptions close in:<\/h5>\n\n\n<div class=\"mytheme-countdown-wrapper fade-slide\"      data-datetime=\"2026-03-23T00:00:00Z\"      data-timezone=\"-5\"      data-labelsabove=\"true\"      style=\"--mytheme-countdown-font-size:2em; --mytheme-countdown-gap:20px;\"><div class=\"mytheme-countdown-container\">\n    <div class=\"mytheme-countdown-bloc-time mytheme-countdown-days\">\n        <span class=\"mytheme-countdown-title\">Dias<\/span>\n        <div class=\"mytheme-countdown-figure mytheme-countdown-days-1\" style=\"margin-right:3px;\">\n            <div class=\"mytheme-countdown-top\"><span>0<\/span><\/div>\n            <div class=\"mytheme-countdown-top-back\"><span>0<\/span><\/div>\n            <div class=\"mytheme-countdown-bottom\"><span>0<\/span><\/div>\n            <div class=\"mytheme-countdown-bottom-back\"><span>0<\/span><\/div>\n        <\/div><!-- wp --><div class=\"mytheme-countdown-figure mytheme-countdown-days-2\" style=\"margin-left:3px;\">\n            <div class=\"mytheme-countdown-top\"><span>0<\/span><\/div>\n            <div class=\"mytheme-countdown-top-back\"><span>0<\/span><\/div>\n            <div class=\"mytheme-countdown-bottom\"><span>0<\/span><\/div>\n            <div class=\"mytheme-countdown-bottom-back\"><span>0<\/span><\/div>\n        <\/div>\n        \n    <\/div>\n    \n    <div class=\"mytheme-countdown-bloc-time mytheme-countdown-hours\">\n        <span class=\"mytheme-countdown-title\">Horas<\/span>\n        <div class=\"mytheme-countdown-figure mytheme-countdown-hours-1\" style=\"margin-right:3px;\">\n            <div class=\"mytheme-countdown-top\"><span>0<\/span><\/div>\n            <div class=\"mytheme-countdown-top-back\"><span>0<\/span><\/div>\n            <div class=\"mytheme-countdown-bottom\"><span>0<\/span><\/div>\n            <div class=\"mytheme-countdown-bottom-back\"><span>0<\/span><\/div>\n        <\/div><!-- wp --><div class=\"mytheme-countdown-figure mytheme-countdown-hours-2\" style=\"margin-left:3px;\">\n            <div class=\"mytheme-countdown-top\"><span>0<\/span><\/div>\n            <div class=\"mytheme-countdown-top-back\"><span>0<\/span><\/div>\n            <div class=\"mytheme-countdown-bottom\"><span>0<\/span><\/div>\n            <div class=\"mytheme-countdown-bottom-back\"><span>0<\/span><\/div>\n        <\/div>\n        \n    <\/div>\n    \n    <div class=\"mytheme-countdown-bloc-time mytheme-countdown-minutes\">\n        <span class=\"mytheme-countdown-title\">Min.<\/span>\n        <div class=\"mytheme-countdown-figure mytheme-countdown-minutes-1\" style=\"margin-right:3px;\">\n            <div class=\"mytheme-countdown-top\"><span>0<\/span><\/div>\n            <div class=\"mytheme-countdown-top-back\"><span>0<\/span><\/div>\n            <div class=\"mytheme-countdown-bottom\"><span>0<\/span><\/div>\n            <div class=\"mytheme-countdown-bottom-back\"><span>0<\/span><\/div>\n        <\/div><!-- wp --><div class=\"mytheme-countdown-figure mytheme-countdown-minutes-2\" style=\"margin-left:3px;\">\n            <div class=\"mytheme-countdown-top\"><span>0<\/span><\/div>\n            <div class=\"mytheme-countdown-top-back\"><span>0<\/span><\/div>\n            <div class=\"mytheme-countdown-bottom\"><span>0<\/span><\/div>\n            <div class=\"mytheme-countdown-bottom-back\"><span>0<\/span><\/div>\n        <\/div>\n        \n    <\/div>\n    \n    <div class=\"mytheme-countdown-bloc-time mytheme-countdown-seconds\">\n        <span class=\"mytheme-countdown-title\">Seg.<\/span>\n        <div class=\"mytheme-countdown-figure mytheme-countdown-seconds-1\" style=\"margin-right:3px;\">\n            <div class=\"mytheme-countdown-top\"><span>0<\/span><\/div>\n            <div class=\"mytheme-countdown-top-back\"><span>0<\/span><\/div>\n            <div class=\"mytheme-countdown-bottom\"><span>0<\/span><\/div>\n            <div class=\"mytheme-countdown-bottom-back\"><span>0<\/span><\/div>\n        <\/div><!-- wp --><div class=\"mytheme-countdown-figure mytheme-countdown-seconds-2\" style=\"margin-left:3px;\">\n            <div class=\"mytheme-countdown-top\"><span>0<\/span><\/div>\n            <div class=\"mytheme-countdown-top-back\"><span>0<\/span><\/div>\n            <div class=\"mytheme-countdown-bottom\"><span>0<\/span><\/div>\n            <div class=\"mytheme-countdown-bottom-back\"><span>0<\/span><\/div>\n        <\/div>\n        \n    <\/div>\n    <\/div><\/div><\/div>\n\n\n<form id=\"forminator-module-2896\" class=\"forminator-custom-form forminator-custom-form-2896\" method=\"post\" data-forminator-render=\"0\" data-uid=\"69eea3ea26da8\" action=\"\"><div role=\"alert\" aria-live=\"polite\" class=\"forminator-response-message forminator-error\" aria-hidden=\"true\"><\/div><input type=\"hidden\" name=\"trp-form-language\" value=\"en\"\/><\/form>\n<\/div>\n\n\n\n<div style=\"height:40px\" aria-hidden=\"true\" class=\"wp-block-spacer\"><\/div>\n<\/div><\/div>\n\n\n\n<div class=\"wp-block-uagb-container page-section triangle uagb-block-2da6ad4a alignfull uagb-is-root-container\"><div class=\"uagb-container-inner-blocks-wrap\">\n<div style=\"height:60px\" aria-hidden=\"true\" class=\"wp-block-spacer\"><\/div>\n\n\n\n<h2 class=\"wp-block-heading fade-slide\" style=\"padding-top:0;padding-right:0;padding-bottom:0;padding-left:0\">Camale\u00f3n Transparente 2025: How It Began<\/h2>\n\n\n\n<p class=\"fade-slide translation-block\">In 2025, we held the first edition of Camale\u00f3n Transparente in <strong>Bel\u00e9n de Umbr\u00eda<\/strong>, and it was an experience that confirmed just how valuable it is to read and to support one another through writing. In just four weeks, <strong>98 authors<\/strong> from the municipality registered, with stories that were very different from one another. Each short story was blind-reviewed by a jury of writers and creative writing teachers, considering originality, narrative quality, and the ability to move the reader.<\/p>\n\n\n<div style=\"display:flex;justify-content:left;margin:20px 0 60px;\" class=\"translation-block\"><a class=\"custom-btn fade-slide visible\" href=\"\/en\/concurso-2025\/\" target=\"_self\"><span>Discover the 2025 contest and<br>the winning stories!<\/span><\/a><\/div>\n\n\n\n<p class=\"fade-slide\"><\/p>\n<\/div><\/div>","protected":false},"excerpt":{"rendered":"<p>Concurso Camale\u00f3n Transparente Concurso Departamental de Cuento Camale\u00f3n Transparente 2026 Volvemos este a\u00f1o con una nueva edici\u00f3n de Camale\u00f3n Transparente. Despu\u00e9s de la primera metamorfosis, el concurso crece y se abre a todo el departamento: desde el Laboratorio de Letras invitamos a la comunidad de Risaralda y a todas las personas amantes de las letras [&hellip;]<\/p>\n","protected":false},"author":3,"featured_media":0,"parent":0,"menu_order":0,"comment_status":"closed","ping_status":"closed","template":"","meta":{"_acf_changed":false,"_uag_custom_page_level_css":"","site-sidebar-layout":"default","site-content-layout":"","ast-site-content-layout":"default","site-content-style":"default","site-sidebar-style":"default","ast-global-header-display":"","ast-banner-title-visibility":"","ast-main-header-display":"","ast-hfb-above-header-display":"","ast-hfb-below-header-display":"","ast-hfb-mobile-header-display":"","site-post-title":"disabled","ast-breadcrumbs-content":"","ast-featured-img":"","footer-sml-layout":"","ast-disable-related-posts":"","theme-transparent-header-meta":"","adv-header-id-meta":"","stick-header-meta":"","header-above-stick-meta":"","header-main-stick-meta":"","header-below-stick-meta":"","astra-migrate-meta-layouts":"set","ast-page-background-enabled":"default","ast-page-background-meta":{"desktop":{"background-color":"","background-image":"","background-repeat":"repeat","background-position":"center center","background-size":"auto","background-attachment":"scroll","background-type":"","background-media":"","overlay-type":"","overlay-color":"","overlay-opacity":"","overlay-gradient":""},"tablet":{"background-color":"","background-image":"","background-repeat":"repeat","background-position":"center center","background-size":"auto","background-attachment":"scroll","background-type":"","background-media":"","overlay-type":"","overlay-color":"","overlay-opacity":"","overlay-gradient":""},"mobile":{"background-color":"","background-image":"","background-repeat":"repeat","background-position":"center center","background-size":"auto","background-attachment":"scroll","background-type":"","background-media":"","overlay-type":"","overlay-color":"","overlay-opacity":"","overlay-gradient":""}},"ast-content-background-meta":{"desktop":{"background-color":"var(--ast-global-color-5)","background-image":"","background-repeat":"repeat","background-position":"center center","background-size":"auto","background-attachment":"scroll","background-type":"","background-media":"","overlay-type":"","overlay-color":"","overlay-opacity":"","overlay-gradient":""},"tablet":{"background-color":"var(--ast-global-color-5)","background-image":"","background-repeat":"repeat","background-position":"center center","background-size":"auto","background-attachment":"scroll","background-type":"","background-media":"","overlay-type":"","overlay-color":"","overlay-opacity":"","overlay-gradient":""},"mobile":{"background-color":"var(--ast-global-color-5)","background-image":"","background-repeat":"repeat","background-position":"center center","background-size":"auto","background-attachment":"scroll","background-type":"","background-media":"","overlay-type":"","overlay-color":"","overlay-opacity":"","overlay-gradient":""}},"footnotes":""},"class_list":["post-1320","page","type-page","status-publish","hentry"],"acf":[],"uagb_featured_image_src":{"full":false,"thumbnail":false,"medium":false,"medium_large":false,"large":false,"1536x1536":false,"2048x2048":false,"trp-custom-language-flag":false},"uagb_author_info":{"display_name":"contacto@labdeletras.com","author_link":"https:\/\/labdeletras.com\/en\/author\/contactolabdeletras-com\/"},"uagb_comment_info":0,"uagb_excerpt":"Concurso Camale\u00f3n Transparente Concurso Departamental de Cuento Camale\u00f3n Transparente 2026 Volvemos este a\u00f1o con una nueva edici\u00f3n de Camale\u00f3n Transparente. Despu\u00e9s de la primera metamorfosis, el concurso crece y se abre a todo el departamento: desde el Laboratorio de Letras invitamos a la comunidad de Risaralda y a todas las personas amantes de las letras&hellip;","_links":{"self":[{"href":"https:\/\/labdeletras.com\/en\/wp-json\/wp\/v2\/pages\/1320","targetHints":{"allow":["GET"]}}],"collection":[{"href":"https:\/\/labdeletras.com\/en\/wp-json\/wp\/v2\/pages"}],"about":[{"href":"https:\/\/labdeletras.com\/en\/wp-json\/wp\/v2\/types\/page"}],"author":[{"embeddable":true,"href":"https:\/\/labdeletras.com\/en\/wp-json\/wp\/v2\/users\/3"}],"replies":[{"embeddable":true,"href":"https:\/\/labdeletras.com\/en\/wp-json\/wp\/v2\/comments?post=1320"}],"version-history":[{"count":217,"href":"https:\/\/labdeletras.com\/en\/wp-json\/wp\/v2\/pages\/1320\/revisions"}],"predecessor-version":[{"id":2993,"href":"https:\/\/labdeletras.com\/en\/wp-json\/wp\/v2\/pages\/1320\/revisions\/2993"}],"wp:attachment":[{"href":"https:\/\/labdeletras.com\/en\/wp-json\/wp\/v2\/media?parent=1320"}],"curies":[{"name":"wp","href":"https:\/\/api.w.org\/{rel}","templated":true}]}}