{"id":2948,"date":"2026-02-27T17:00:06","date_gmt":"2026-02-27T22:00:06","guid":{"rendered":"https:\/\/labdeletras.com\/?page_id=2948"},"modified":"2026-02-27T17:38:02","modified_gmt":"2026-02-27T22:38:02","slug":"jurado-concurso-2026","status":"publish","type":"page","link":"https:\/\/labdeletras.com\/en\/jurado-concurso-2026\/","title":{"rendered":"Jurado Concurso 2026"},"content":{"rendered":"<div class=\"wp-block-uagb-container top-header uagb-block-830348dd alignfull uagb-is-root-container\"><div class=\"uagb-container-inner-blocks-wrap\">\n<h1 class=\"wp-block-heading has-text-align-center\">Jurado<br>Camale\u00f3n Transparente 2026 Departmental Short Story Contest<\/h1>\n<\/div><\/div>\n\n\n\n<div class=\"wp-block-uagb-container top-header page-section uagb-block-b6a6b828 alignfull uagb-is-root-container\"><div class=\"uagb-container-inner-blocks-wrap\">\n<div class=\"wp-block-uagb-container uagb-block-2d2f1b41\">\n<h2 class=\"wp-block-heading has-text-align-left fade-slide\" style=\"margin-top:0;margin-bottom:0\"><strong>Alejandro S\u00e1nchez<\/strong><\/h2>\n\n\n\n<p class=\"fade-slide\">Soci\u00f3logo y&nbsp;maestro&nbsp;en&nbsp;literatura y&nbsp;cultura. Autor de los poemarios&nbsp;<em>Aguas adentro<\/em>&nbsp;(Valpara\u00edso Ediciones, 2025) y&nbsp;<em>Tierra del fuego<\/em>&nbsp;(Ambidiestro Taller Editorial, 2024) y del libro de cuentos&nbsp;<em>Canasta familiar<\/em>&nbsp;(Escarabajo Editorial, 2023). Ha sido reconocido por su trabajo como creador en los cert\u00e1menes: Premio de Poes\u00eda desde la Experiencia del II Festival Reverso Bogot\u00e1 (2025), XXIII Concurso Nacional de Poes\u00eda Eduardo Cote Lamus (2024), X Premio Nacional de Poes\u00eda Obra In\u00e9dita (2024), el I Premio Nacional de Libro de Cuentos Isa\u00edas Pe\u00f1a (2023) y el XIII Concurso Literario El Brasil de los Sue\u00f1os (2022). Su labor creativa ha sido incluida en diversas antolog\u00edas de poes\u00eda y relato en Colombia y el exterior.&nbsp;Fue uno de los invitados&nbsp;al programa&nbsp;<em>Colombia verso a verso<\/em>&nbsp;(2025)&nbsp;de Se\u00f1al Colombia.&nbsp;Como editor ha participado en las antolog\u00edas de&nbsp;<em>Poes\u00eda completa<\/em>&nbsp;de \u00c1lvaro Miranda y Mery Yolanda S\u00e1nchez publicadas por el sello editorial del Instituto Caro y Cuervo.<\/p>\n<\/div>\n\n\n\n<figure class=\"wp-block-image size-full fade-slide shape-img shape--circle preset-c-frame\"><img loading=\"lazy\" decoding=\"async\" width=\"883\" height=\"493\" src=\"https:\/\/labdeletras.com\/wp-content\/uploads\/2026\/02\/image.png\" alt=\"\" class=\"wp-image-2950\" style=\"aspect-ratio:1;object-fit:cover\" srcset=\"https:\/\/labdeletras.com\/wp-content\/uploads\/2026\/02\/image.png 883w, https:\/\/labdeletras.com\/wp-content\/uploads\/2026\/02\/image-300x167.png 300w, https:\/\/labdeletras.com\/wp-content\/uploads\/2026\/02\/image-768x429.png 768w, https:\/\/labdeletras.com\/wp-content\/uploads\/2026\/02\/image-18x10.png 18w\" sizes=\"auto, (max-width: 883px) 100vw, 883px\" \/><\/figure>\n<\/div><\/div>\n\n\n\n<div class=\"wp-block-uagb-container top-header page-section uagb-block-a029c2fb alignfull uagb-is-root-container\"><div class=\"uagb-container-inner-blocks-wrap\">\n<figure class=\"wp-block-image size-full fade-slide shape-img shape--hexagon preset-h-frame\"><img loading=\"lazy\" decoding=\"async\" width=\"678\" height=\"678\" src=\"https:\/\/labdeletras.com\/wp-content\/uploads\/2026\/02\/Julian_Bernal.png\" alt=\"\" class=\"wp-image-2958\" style=\"aspect-ratio:1;object-fit:cover\" srcset=\"https:\/\/labdeletras.com\/wp-content\/uploads\/2026\/02\/Julian_Bernal.png 678w, https:\/\/labdeletras.com\/wp-content\/uploads\/2026\/02\/Julian_Bernal-300x300.png 300w, https:\/\/labdeletras.com\/wp-content\/uploads\/2026\/02\/Julian_Bernal-150x150.png 150w, https:\/\/labdeletras.com\/wp-content\/uploads\/2026\/02\/Julian_Bernal-12x12.png 12w\" sizes=\"auto, (max-width: 678px) 100vw, 678px\" \/><\/figure>\n\n\n\n<div class=\"wp-block-uagb-container uagb-block-4e8fa6b5\">\n<h2 class=\"wp-block-heading has-text-align-left fade-slide\" style=\"margin-top:0;margin-bottom:0\"><strong>Juli\u00e1n Bernal<\/strong><\/h2>\n\n\n\n<p class=\"fade-slide\">(Manizales, Colombia, 1993).&nbsp;Polit\u00f3logo&nbsp;y mag\u00edster en construcci\u00f3n de paz.&nbsp;Se ha&nbsp;desempe\u00f1ado laboralmente&nbsp;como&nbsp;editor, corrector&nbsp;de estilo, gestor&nbsp;cultural&nbsp;y docente.&nbsp;Ha sido incluido&nbsp;en antolog\u00edas de cuento como&nbsp;<em>Mutando en el universo<\/em>&nbsp;(ITA, 2021) y<em>&nbsp;Dulce como&nbsp;candy<\/em>&nbsp;(Jaravela, 2025). Ha&nbsp;publicado poes\u00eda (<em>Sombra de agua<\/em>, 2025), novela (<em>Donde el eco dijo<\/em>, 2024), cuento (<em>De noche alumbran los huesos<\/em>, 2023) y biograf\u00eda (<em>Como un volc\u00e1n entre los huesos<\/em>, 2022).&nbsp;Ha&nbsp;colaborado con la Fundaci\u00f3n Gabo como relator y como coordinador y ha&nbsp;sido docente de Pol\u00edtica Exterior Colombiana, de Teor\u00eda de las Relaciones Internacionales, as\u00ed como docente de escrituras para el duelo personal.&nbsp;Ha sido&nbsp;ganador del Concurso Internacional de Cuento Ciudad de Pupiales (2022), becario del Instituto Distrital de las Artes (Idartes, 2021), ganador del Programa de Est\u00edmulos&nbsp;de la Ciudad de Manizales (Colombia) en 2024 y 2025.&nbsp;Sus trabajos han aparecido en&nbsp;revistas como&nbsp;El&nbsp;Malpensante, Late, Vor\u00e1gine, Universo Centro, entre otras.&nbsp;Es editor&nbsp;en&nbsp;Jaravela&nbsp;Editores&nbsp;y columnista de opini\u00f3n en diferentes medios&nbsp;(La Patria y Barequeo, entre ellos).<\/p>\n<\/div>\n<\/div><\/div>\n\n\n\n<div style=\"height:70px\" aria-hidden=\"true\" class=\"wp-block-spacer\"><\/div>","protected":false},"excerpt":{"rendered":"<p>JuradoConcurso Departamental de Cuento Camale\u00f3n Transparente 2026 Alejandro S\u00e1nchez Soci\u00f3logo y&nbsp;maestro&nbsp;en&nbsp;literatura y&nbsp;cultura. Autor de los poemarios&nbsp;Aguas adentro&nbsp;(Valpara\u00edso Ediciones, 2025) y&nbsp;Tierra del fuego&nbsp;(Ambidiestro Taller Editorial, 2024) y del libro de cuentos&nbsp;Canasta familiar&nbsp;(Escarabajo Editorial, 2023). Ha sido reconocido por su trabajo como creador en los cert\u00e1menes: Premio de Poes\u00eda desde la Experiencia del II Festival Reverso Bogot\u00e1 [&hellip;]<\/p>\n","protected":false},"author":1,"featured_media":0,"parent":0,"menu_order":0,"comment_status":"closed","ping_status":"closed","template":"","meta":{"_acf_changed":false,"_uag_custom_page_level_css":"","site-sidebar-layout":"default","site-content-layout":"","ast-site-content-layout":"default","site-content-style":"default","site-sidebar-style":"default","ast-global-header-display":"","ast-banner-title-visibility":"","ast-main-header-display":"","ast-hfb-above-header-display":"","ast-hfb-below-header-display":"","ast-hfb-mobile-header-display":"","site-post-title":"disabled","ast-breadcrumbs-content":"","ast-featured-img":"","footer-sml-layout":"","ast-disable-related-posts":"","theme-transparent-header-meta":"","adv-header-id-meta":"","stick-header-meta":"","header-above-stick-meta":"","header-main-stick-meta":"","header-below-stick-meta":"","astra-migrate-meta-layouts":"set","ast-page-background-enabled":"default","ast-page-background-meta":{"desktop":{"background-color":"","background-image":"","background-repeat":"repeat","background-position":"center center","background-size":"auto","background-attachment":"scroll","background-type":"","background-media":"","overlay-type":"","overlay-color":"","overlay-opacity":"","overlay-gradient":""},"tablet":{"background-color":"","background-image":"","background-repeat":"repeat","background-position":"center center","background-size":"auto","background-attachment":"scroll","background-type":"","background-media":"","overlay-type":"","overlay-color":"","overlay-opacity":"","overlay-gradient":""},"mobile":{"background-color":"","background-image":"","background-repeat":"repeat","background-position":"center center","background-size":"auto","background-attachment":"scroll","background-type":"","background-media":"","overlay-type":"","overlay-color":"","overlay-opacity":"","overlay-gradient":""}},"ast-content-background-meta":{"desktop":{"background-color":"var(--ast-global-color-5)","background-image":"","background-repeat":"repeat","background-position":"center center","background-size":"auto","background-attachment":"scroll","background-type":"","background-media":"","overlay-type":"","overlay-color":"","overlay-opacity":"","overlay-gradient":""},"tablet":{"background-color":"var(--ast-global-color-5)","background-image":"","background-repeat":"repeat","background-position":"center center","background-size":"auto","background-attachment":"scroll","background-type":"","background-media":"","overlay-type":"","overlay-color":"","overlay-opacity":"","overlay-gradient":""},"mobile":{"background-color":"var(--ast-global-color-5)","background-image":"","background-repeat":"repeat","background-position":"center center","background-size":"auto","background-attachment":"scroll","background-type":"","background-media":"","overlay-type":"","overlay-color":"","overlay-opacity":"","overlay-gradient":""}},"footnotes":""},"class_list":["post-2948","page","type-page","status-publish","hentry"],"acf":[],"uagb_featured_image_src":{"full":false,"thumbnail":false,"medium":false,"medium_large":false,"large":false,"1536x1536":false,"2048x2048":false,"trp-custom-language-flag":false},"uagb_author_info":{"display_name":"llorenc.m.h@protonmail.com","author_link":"https:\/\/labdeletras.com\/en\/author\/llorenc-m-hprotonmail-com\/"},"uagb_comment_info":0,"uagb_excerpt":"JuradoConcurso Departamental de Cuento Camale\u00f3n Transparente 2026 Alejandro S\u00e1nchez Soci\u00f3logo y&nbsp;maestro&nbsp;en&nbsp;literatura y&nbsp;cultura. Autor de los poemarios&nbsp;Aguas adentro&nbsp;(Valpara\u00edso Ediciones, 2025) y&nbsp;Tierra del fuego&nbsp;(Ambidiestro Taller Editorial, 2024) y del libro de cuentos&nbsp;Canasta familiar&nbsp;(Escarabajo Editorial, 2023). Ha sido reconocido por su trabajo como creador en los cert\u00e1menes: Premio de Poes\u00eda desde la Experiencia del II Festival Reverso Bogot\u00e1&hellip;","_links":{"self":[{"href":"https:\/\/labdeletras.com\/en\/wp-json\/wp\/v2\/pages\/2948","targetHints":{"allow":["GET"]}}],"collection":[{"href":"https:\/\/labdeletras.com\/en\/wp-json\/wp\/v2\/pages"}],"about":[{"href":"https:\/\/labdeletras.com\/en\/wp-json\/wp\/v2\/types\/page"}],"author":[{"embeddable":true,"href":"https:\/\/labdeletras.com\/en\/wp-json\/wp\/v2\/users\/1"}],"replies":[{"embeddable":true,"href":"https:\/\/labdeletras.com\/en\/wp-json\/wp\/v2\/comments?post=2948"}],"version-history":[{"count":11,"href":"https:\/\/labdeletras.com\/en\/wp-json\/wp\/v2\/pages\/2948\/revisions"}],"predecessor-version":[{"id":2967,"href":"https:\/\/labdeletras.com\/en\/wp-json\/wp\/v2\/pages\/2948\/revisions\/2967"}],"wp:attachment":[{"href":"https:\/\/labdeletras.com\/en\/wp-json\/wp\/v2\/media?parent=2948"}],"curies":[{"name":"wp","href":"https:\/\/api.w.org\/{rel}","templated":true}]}}